{"id":3013,"date":"2022-07-15T13:11:08","date_gmt":"2022-07-15T11:11:08","guid":{"rendered":"https:\/\/castellana81.com\/aviso-legal-copy\/"},"modified":"2022-08-24T09:48:51","modified_gmt":"2022-08-24T07:48:51","slug":"politica-cookies","status":"publish","type":"page","link":"https:\/\/castellana81.com\/en\/cookies-policy\/","title":{"rendered":"Cookies policy"},"content":{"rendered":"<div data-elementor-type=\"wp-page\" data-elementor-id=\"3013\" class=\"elementor elementor-3013\" data-elementor-post-type=\"page\">\n\t\t\t\t\t\t<section class=\"elementor-section elementor-top-section elementor-element elementor-element-1a405e0 elementor-section-boxed elementor-section-height-default elementor-section-height-default\" data-id=\"1a405e0\" data-element_type=\"section\">\n\t\t\t\t\t\t<div class=\"elementor-container elementor-column-gap-default\">\n\t\t\t\t\t<div class=\"elementor-column elementor-col-100 elementor-top-column elementor-element elementor-element-e7e0725\" data-id=\"e7e0725\" data-element_type=\"column\">\n\t\t\t<div class=\"elementor-widget-wrap elementor-element-populated\">\n\t\t\t\t\t\t<div class=\"elementor-element elementor-element-d462b8e elementor-widget elementor-widget-spacer\" data-id=\"d462b8e\" data-element_type=\"widget\" data-widget_type=\"spacer.default\">\n\t\t\t\t<div class=\"elementor-widget-container\">\n\t\t\t\t\t\t\t<div class=\"elementor-spacer\">\n\t\t\t<div class=\"elementor-spacer-inner\"><\/div>\n\t\t<\/div>\n\t\t\t\t\t\t<\/div>\n\t\t\t\t<\/div>\n\t\t\t\t\t<\/div>\n\t\t<\/div>\n\t\t\t\t\t<\/div>\n\t\t<\/section>\n\t\t\t\t<section class=\"elementor-section elementor-top-section elementor-element elementor-element-246be247 elementor-section-boxed elementor-section-height-default elementor-section-height-default\" data-id=\"246be247\" data-element_type=\"section\">\n\t\t\t\t\t\t<div class=\"elementor-container elementor-column-gap-default\">\n\t\t\t\t\t<div class=\"elementor-column elementor-col-100 elementor-top-column elementor-element elementor-element-5abe4d99\" data-id=\"5abe4d99\" data-element_type=\"column\">\n\t\t\t<div class=\"elementor-widget-wrap elementor-element-populated\">\n\t\t\t\t\t\t<div class=\"elementor-element elementor-element-2de27bb7 elementor-invisible elementor-widget elementor-widget-text-editor\" data-id=\"2de27bb7\" data-element_type=\"widget\" data-settings=\"{&quot;_animation&quot;:&quot;fadeInRight&quot;}\" data-widget_type=\"text-editor.default\">\n\t\t\t\t<div class=\"elementor-widget-container\">\n\t\t\t\t\t\t\t\t\t<p><\/p>\n<h1 class=\"wp-block-heading\"><span style=\"font-weight: 400;\">Cookies Policy and configuration system<\/span><\/h1>\n<p class=\"translation-block\">This Cookies Policy is an integral part of the Legal Notice and Data Protection Policy of www.castellana81.com (hereinafter, the \"Website\"). Accessing and browsing the Website, or using its services, implies acceptance of the terms and conditions set out in the Legal Notice and Privacy Policy.<\/p>\n<p><span style=\"font-weight: 400;\">In order to facilitate your browsing of the Website, Gmp Property SOCIMI, S.A., (hereinafter, Gmp), with registered offices at Calle Luchana, 23 - Madrid, with tax identification number A-28396042, hereby informs you that it uses cookies or other files with similar functionality such as pixels, tags or online identifiers (hereinafter, \"cookies\").<\/span><\/p>\n<p><span style=\"font-weight: 400;\">In any case, we inform you that Gmp is responsible for the Cookies and for the processing of the data obtained through its own and third party Cookies, deciding on the purpose, content and use of the processing of the information collected.<\/span><\/p><p><span style=\"font-weight: 400;\"><br><\/span><\/p>\n<h2>What is a Cookie?<\/h2>\n<p><span style=\"font-weight: 400;\">Cookies are files containing small amounts of information that are downloaded to the user's device when visiting a Website.<\/span><\/p>\n<p><span style=\"font-weight: 400;\">Cookies are essential for the functioning of the Internet; they cannot damage your computer\/device and, if enabled in your browser settings, they help to identify and resolve possible malfunctions of the Website. Cookies serve many purposes, such as enabling you to navigate between pages efficiently, remembering your preferences and generally improving your user experience. They can also help ensure that the advertisements you see online are the most relevant and appropriate to your interests.<\/span><\/p><p><span style=\"font-weight: 400;\"><br><\/span><\/p>\n<h2>Use of Cookies by Gmp<\/h2>\n<p><span style=\"font-weight: 400;\">By accepting the cookie notice that appears at the beginning of browsing the Website or by configuring the cookies, you expressly accept the use of these Cookies on your devices. If you disable these Cookies, some of the utilities available on the Website may not work properly.<\/span><\/p>\n<p><span style=\"font-weight: 400;\">Gmp uses cookies for the specific purposes set out below. If in the future Gmp uses other cookies to provide more and better services, the user will be informed of this.<\/span><\/p>\n<p><span style=\"font-weight: 400;\">&nbsp;<\/span><\/p>\n<h2>Technical cookies<\/h2>\n<p><span style=\"font-weight: 400;\">Technical cookies are essential for you to be able to move around the Website and use its functions. Generally speaking, these cookies enable the different functions of the Website, make your browsing more secure or provide functionalities that are previously requested by the user. As they are necessary for the operation of the Website, these cookies will be enabled by default and cannot be rejected.<\/span><\/p>\n<p><span style=\"font-weight: 400;\">Gmp may use cookies necessary to save your choice of cookies in our configuration system, to stabilise browsing or to make it more secure.<\/span><\/p>\n<table>\n<tbody>\n<tr>\n<td>\n<p><b>Technical cookies<\/b><\/p>\n<\/td>\n<td>\n<p><b>Purpose<\/b><\/p>\n<\/td>\n<td>\n<p><b>Supplier<\/b><\/p>\n<\/td>\n<td>\n<p><b>Expiration<\/b><\/p>\n<\/td>\n<\/tr>\n<tr>\n<td>\n<p><b>WordPress_sec<\/b><\/p>\n<\/td>\n<td>\n<p><span style=\"font-weight: 400;\">Used to maintain the session for a registered user.<\/span><\/p>\n<\/td>\n<td>\n<p><span style=\"font-weight: 400;\">Gmp<\/span><\/p>\n<\/td>\n<td>\n<p><span style=\"font-weight: 400;\">Session<\/span><\/p>\n<\/td>\n<\/tr>\n<tr>\n<td>\n<p><b>wordpress_logged_in<\/b><\/p>\n<\/td>\n<td>\n<p><span style=\"font-weight: 400;\">Identify the logged-on user.<\/span><\/p>\n<\/td>\n<td>\n<p><span style=\"font-weight: 400;\">Gmp<\/span><\/p>\n<\/td>\n<td>\n<p><span style=\"font-weight: 400;\">Session<\/span><\/p>\n<\/td>\n<\/tr>\n<tr>\n<td>\n<p><b>wordpress_test_cookie<\/b><\/p>\n<\/td>\n<td>\n<p><span style=\"font-weight: 400;\">Test whether the browser used can accept cookies.<\/span><\/p>\n<\/td>\n<td>\n<p><span style=\"font-weight: 400;\">Gmp<\/span><\/p>\n<\/td>\n<td>\n<p><span style=\"font-weight: 400;\">Session<\/span><\/p>\n<\/td>\n<\/tr>\n<tr>\n<td>\n<p><b>CONSENT<\/b><\/p>\n<\/td>\n<td>\n<p><span style=\"font-weight: 400;\">Store the user\u2019s cookie consent status.<\/span><\/p>\n<\/td>\n<td>\n<p><span style=\"font-weight: 400;\">Google<\/span><\/p>\n<\/td>\n<td>\n<p><span style=\"font-weight: 400;\">Permanent<\/span><\/p>\n<\/td>\n<\/tr>\n<tr>\n<td>\n<p><b>_hjIncludedInPageviewSample<\/b><\/p>\n<\/td>\n<td>\n<p><span style=\"font-weight: 400;\">Determines whether user navigation should be recorded in a given statistical placeholder.<\/span><\/p>\n<\/td>\n<td>\n<p><span style=\"font-weight: 400;\">Gmp<\/span><\/p>\n<\/td>\n<td>\n<p><span style=\"font-weight: 400;\">24 hours<\/span><\/p>\n<\/td>\n<\/tr>\n<\/tbody>\n<\/table>\n<p><span style=\"font-weight: 400;\">These cookies are necessary for the operation of the Website and therefore cannot be disabled.<\/span><\/p>\n<h2>&nbsp;<\/h2>\n<h2>Personalization cookies<\/h2>\n<p><span style=\"font-weight: 400;\">These allow the user to access the service with some general characteristics predefined according to a series of criteria in the user's terminal, such as, for example, the language, the type of browser through which the user accesses the service, the regional configuration from where the user accesses the service, etc.<\/span><\/p>\n<p><span style=\"font-weight: 400;\">Personalised cookies are set by default when you access the Website in order to show you content tailored to your needs. The purposes for which this information is used do not have a relevant impact on your privacy and are essential for our content to be attractive, so their use is based on our legitimate interest.<\/span><\/p>\n<p><span style=\"font-weight: 400;\">Personalised cookies are listed below:<\/span><\/p>\n<table>\n<tbody>\n<tr>\n<td>\n<p><b>Personalization cookies<\/b><\/p>\n<\/td>\n<td>\n<p><b>Purpose<\/b><\/p>\n<\/td>\n<td>\n<p><b>Supplier<\/b><\/p>\n<\/td>\n<td>\n<p><b>Expiration<\/b><\/p>\n<\/td>\n<\/tr>\n<tr>\n<td>\n<p><b>Wp-settings-3<\/b><\/p>\n<\/td>\n<td>\n<p><span style=\"font-weight: 400;\">Used to customize the look of the administration interface, as well as the main interface of the site.<\/span><\/p>\n<\/td>\n<td>\n<p><span style=\"font-weight: 400;\">Gmp<\/span><\/p>\n<\/td>\n<td>\n<p><span style=\"font-weight: 400;\">1 year<\/span><\/p>\n<\/td>\n<\/tr>\n<tr>\n<td>\n<p><b>Wp-settings-time-3<\/b><\/p>\n<\/td>\n<td>\n<p><span style=\"font-weight: 400;\">Used to customize the look of the administration interface, as well as the main interface of the site.<\/span><\/p>\n<\/td>\n<td>\n<p><span style=\"font-weight: 400;\">Gmp<\/span><\/p>\n<\/td>\n<td>\n<p><span style=\"font-weight: 400;\">Session<\/span><\/p>\n<\/td>\n<\/tr>\n<\/tbody>\n<\/table>\n<h2>&nbsp;<\/h2>\n<h2>Analytical cookies<\/h2>\n<p><span style=\"font-weight: 400;\">These cookies make it possible to monitor and analyse user behaviour, including the quantification of the impact of advertisements. The information collected through this type of cookies is used to measure the activity of the Website, in order to make improvements based on the analysis of the data on the use made by users of the service.<\/span><\/p>\n<p><span style=\"font-weight: 400;\">Puede aceptar o rechazar la instalaci\u00f3n de estas cookies.<\/span><\/p>\n<table>\n<tbody>\n<tr>\n<td>\n<p><b>Analytical cookies<\/b><\/p>\n<\/td>\n<td>\n<p><b>Purpose<\/b><\/p>\n<\/td>\n<td>\n<p><b>Supplier<\/b><\/p>\n<\/td>\n<td>\n<p><b>Expiration<\/b><\/p>\n<\/td>\n<\/tr>\n<tr>\n<td>\n<p><b>_ga<\/b><\/p>\n<\/td>\n<td>\n<p><span style=\"font-weight: 400;\">Record a unique ID used to generate statistical data about how the visitor uses the website<\/span><\/p>\n<p><span style=\"font-weight: 400;\">.<\/span><\/p>\n<\/td>\n<td>\n<p><span style=\"font-weight: 400;\">Google Analytics<\/span><\/p>\n<\/td>\n<td>\n<p><span style=\"font-weight: 400;\">2 years<\/span><\/p>\n<\/td>\n<\/tr>\n<tr>\n<td>\n<p><b>_gat<\/b><\/p>\n<\/td>\n<td>\n<p><span style=\"font-weight: 400;\">Used to control the request rate.<\/span><\/p>\n<\/td>\n<td>\n<p><span style=\"font-weight: 400;\">Google Analytics<\/span><\/p>\n<\/td>\n<td>\n<p><span style=\"font-weight: 400;\">1 minute<\/span><\/p>\n<\/td>\n<\/tr>\n<tr>\n<td>\n<p><b>_gid<\/b><\/p>\n<\/td>\n<td>\n<p><span style=\"font-weight: 400;\">Record a unique ID used to generate statistical data about how the visitor uses the website<\/span><\/p>\n<p><span style=\"font-weight: 400;\">.<\/span><\/p>\n<\/td>\n<td>\n<p><span style=\"font-weight: 400;\">Google Analytics<\/span><\/p>\n<\/td>\n<td>\n<p><span style=\"font-weight: 400;\">24 hours<\/span><\/p>\n<\/td>\n<\/tr>\n<tr>\n<td>\n<p><b>_hjid<\/b><\/p>\n<\/td>\n<td>\n<p><span style=\"font-weight: 400;\">Sets a unique ID for the session.<\/span><\/p>\n<\/td>\n<td>\n<p><span style=\"font-weight: 400;\">Google Analytics<\/span><\/p>\n<\/td>\n<td>\n<p><span style=\"font-weight: 400;\">1 year<\/span><\/p>\n<\/td>\n<\/tr>\n<tr>\n<td>\n<p><b>YSC<\/b><\/p>\n<\/td>\n<td>\n<p><span style=\"font-weight: 400;\">Measure the playbacks of videos made by the user and record the \u201cLike\u201d or \u201cShare Video\u201d.<\/span><\/p>\n<\/td>\n<td>\n<p><span style=\"font-weight: 400;\">Google Analytics<\/span><\/p>\n<\/td>\n<td>\n<p><span style=\"font-weight: 400;\">Session<\/span><\/p>\n<\/td>\n<\/tr>\n<tr>\n<td>\n<p><b>VISITOR_INFO1_LIVE&nbsp;&nbsp;&nbsp;&nbsp;<\/b><\/p>\n<\/td>\n<td>\n<p><span style=\"font-weight: 400;\">Tracking visits to videos that are embedded in the web.<\/span><\/p>\n<\/td>\n<td>\n<p><span style=\"font-weight: 400;\">Google Analytics<\/span><\/p>\n<\/td>\n<td>\n<p><span style=\"font-weight: 400;\">240 days<\/span><\/p>\n<\/td>\n<\/tr>\n<\/tbody>\n<\/table>\n<h2>&nbsp;<\/h2>\n<h2>Controlling and deleting cookies<\/h2>\n<p><span style=\"font-weight: 400;\">With the cookie settings tool, you have the ability to refuse or accept cookies that require your consent. You can also block and delete cookies by changing your browser settings.<\/span><\/p>\n<p><span style=\"font-weight: 400;\">Technical<\/span><\/p>\n<p><span style=\"font-weight: 400;\">Analytical<\/span><\/p>\n<p><span style=\"font-weight: 400;\">Personalised<\/span><\/p>\n<p><span style=\"font-weight: 400;\">Similarly, to manage cookies, most browsers allow you to reject or accept all cookies or only accept certain types of cookies. The process for managing and deleting cookies can be found in the browser's built-in help function. If you wish to limit the use of cookies, you may not be able to use all the interactive features of our Website.<\/span><\/p>\n<p><span style=\"font-weight: 400;\">You can allow, block or delete the cookies installed on your computer by configuring the browser options installed on your computer:<\/span><\/p>\n<ul>\n<li><span style=\"font-weight: 400;\"> &nbsp; &nbsp; &nbsp; <\/span><span style=\"font-weight: 400;\">Firefox: <\/span><a href=\"https:\/\/support.mozilla.org\/es\/kb\/habilitar-y-deshabilitar-cookies-sitios-web-rastrear-preferencias?redirectlocale=es&amp;redirectslug=habilitar-y-deshabilitar-cookies-que-los-sitios-we\"><span style=\"font-weight: 400;\">https:\/\/support.mozilla.org\/es\/kb\/habilitar-y-deshabilitar-cookies-sitios-web\u2026<\/span><\/a><\/li>\n<li><span style=\"font-weight: 400;\"> &nbsp; &nbsp; &nbsp; <\/span><span style=\"font-weight: 400;\">Chrome: <\/span><a href=\"https:\/\/support.google.com\/accounts\/answer\/61416?hl=es\"><span style=\"font-weight: 400;\">https:\/\/support.google.com\/accounts\/answer\/61416?hl=es<\/span><\/a><\/li>\n<li><span style=\"font-weight: 400;\"> &nbsp; &nbsp; &nbsp; <\/span><span style=\"font-weight: 400;\">Explorer: <\/span><a href=\"https:\/\/support.microsoft.com\/es-es\/help\/17442\/windows-internet-explorer-dele\"><span style=\"font-weight: 400;\">https:\/\/support.microsoft.com\/es-es\/help\/17442\/windows-internet-explorer-dele<\/span><\/a><\/li>\n<li><span style=\"font-weight: 400;\"> &nbsp; &nbsp; &nbsp; <\/span><span style=\"font-weight: 400;\">Safari: <\/span><a href=\"https:\/\/support.apple.com\/es-es\/guide\/safari\/sfri11471\/mac\"><span style=\"font-weight: 400;\">https:\/\/support.apple.com\/es-es\/guide\/safari\/sfri11471\/mac<\/span><\/a><\/li>\n<li><span style=\"font-weight: 400;\"> &nbsp; &nbsp; &nbsp; <\/span><span style=\"font-weight: 400;\">Opera: <\/span><a href=\"https:\/\/help.opera.com\/Windows\/11.50\/es-ES\/cookies.html\"><span style=\"font-weight: 400;\">https:\/\/help.opera.com\/Windows\/11.50\/es-ES\/cookies.html<\/span><\/a><\/li>\n<\/ul>\n<h2>&nbsp;<\/h2>\n<h2>Notifications in the browser<\/h2>\n<p><span style=\"font-weight: 400;\">When you start browsing the Website if you have agreed to receive notifications via the pop-up window, Gmp may send you pop-up notifications about news and content relevant to its corporate purpose. You can configure these pop-up notifications from Gmp and from other websites, through your browser settings or options.<\/span><\/p>\n<h2>&nbsp;<\/h2>\n<h2>Configuration of advertisements on other platforms<\/h2>\n<p><span style=\"font-weight: 400;\">As with computer browsers, browsers on mobile devices allow changes to be made to privacy options or settings to disable or delete cookies.<\/span><\/p>\n<p><span style=\"font-weight: 400;\">If you wish to change your privacy settings, please follow the instructions specified by the developer of your browser for your mobile device.<\/span><\/p>\n<p><span style=\"font-weight: 400;\">Examples of links that will guide you to modify the privacy settings on your mobile device are found below:<\/span><\/p>\n<p><a href=\"https:\/\/support.apple.com\/es-es\/HT201265\"><span style=\"font-weight: 400;\">Safari for iOS<\/span><\/a><\/p>\n<p><a href=\"https:\/\/support.google.com\/accounts\/answer\/32050?co=GENIE.Platform%253DAndroid&amp;hl=es&amp;oco=0\"><span style=\"font-weight: 400;\">Chrome for Android<\/span><\/a><\/p>\n<h2>&nbsp;<\/h2>\n<h2>International transfers<\/h2>\n<p><span style=\"font-weight: 400;\">You can find out about the transfers to third countries that, where applicable, are made by the third parties identified in this cookie policy in their corresponding privacy policies:<\/span><\/p>\n<ul>\n<li><span style=\"font-weight: 400;\"> &nbsp; &nbsp; &nbsp; <\/span><span style=\"font-weight: 400;\">Google: <\/span><a href=\"https:\/\/policies.google.com\/privacy?hl=es\"><span style=\"font-weight: 400;\">https:\/\/policies.google.com\/privacy?hl=es<\/span><\/a><\/li>\n<\/ul>\n<p><span style=\"font-weight: 400;\">The different mechanisms for the regularisation of the international transfer, where they exist, shall be informed by such third parties.<\/span><\/p>\n<p><\/p>\t\t\t\t\t\t\t\t<\/div>\n\t\t\t\t<\/div>\n\t\t\t\t\t<\/div>\n\t\t<\/div>\n\t\t\t\t\t<\/div>\n\t\t<\/section>\n\t\t\t\t<\/div>","protected":false},"excerpt":{"rendered":"<p>Pol\u00edtica de Cookies y configurador Esta Pol\u00edtica de Cookies es parte integrante del Aviso Legal y la Pol\u00edtica de Protecci\u00f3n de Datos de www.castellana81.com (en adelante, el \u201cSitio Web\u201d). El acceso y la navegaci\u00f3n en el Sitio Web, o el uso de los servicios de esta, implican la aceptaci\u00f3n de los t\u00e9rminos y condiciones recogidos [&hellip;]<\/p>","protected":false},"author":1,"featured_media":0,"parent":0,"menu_order":0,"comment_status":"closed","ping_status":"closed","template":"","meta":{"_monsterinsights_skip_tracking":false,"_monsterinsights_sitenote_active":false,"_monsterinsights_sitenote_note":"","_monsterinsights_sitenote_category":0,"footnotes":""},"class_list":["post-3013","page","type-page","status-publish","hentry"],"_links":{"self":[{"href":"https:\/\/castellana81.com\/en\/wp-json\/wp\/v2\/pages\/3013","targetHints":{"allow":["GET"]}}],"collection":[{"href":"https:\/\/castellana81.com\/en\/wp-json\/wp\/v2\/pages"}],"about":[{"href":"https:\/\/castellana81.com\/en\/wp-json\/wp\/v2\/types\/page"}],"author":[{"embeddable":true,"href":"https:\/\/castellana81.com\/en\/wp-json\/wp\/v2\/users\/1"}],"replies":[{"embeddable":true,"href":"https:\/\/castellana81.com\/en\/wp-json\/wp\/v2\/comments?post=3013"}],"version-history":[{"count":5,"href":"https:\/\/castellana81.com\/en\/wp-json\/wp\/v2\/pages\/3013\/revisions"}],"predecessor-version":[{"id":3138,"href":"https:\/\/castellana81.com\/en\/wp-json\/wp\/v2\/pages\/3013\/revisions\/3138"}],"wp:attachment":[{"href":"https:\/\/castellana81.com\/en\/wp-json\/wp\/v2\/media?parent=3013"}],"curies":[{"name":"wp","href":"https:\/\/api.w.org\/{rel}","templated":true}]}}