{"id":3004,"date":"2022-07-15T13:09:20","date_gmt":"2022-07-15T11:09:20","guid":{"rendered":"https:\/\/castellana81.com\/politica-de-privacidad-copy\/"},"modified":"2022-08-24T09:49:59","modified_gmt":"2022-08-24T07:49:59","slug":"aviso-legal","status":"publish","type":"page","link":"https:\/\/castellana81.com\/en\/legal-notice\/","title":{"rendered":"Legal notice"},"content":{"rendered":"<div data-elementor-type=\"wp-page\" data-elementor-id=\"3004\" class=\"elementor elementor-3004\" data-elementor-post-type=\"page\">\n\t\t\t\t\t\t<section class=\"elementor-section elementor-top-section elementor-element elementor-element-1a405e0 elementor-section-boxed elementor-section-height-default elementor-section-height-default\" data-id=\"1a405e0\" data-element_type=\"section\">\n\t\t\t\t\t\t<div class=\"elementor-container elementor-column-gap-default\">\n\t\t\t\t\t<div class=\"elementor-column elementor-col-100 elementor-top-column elementor-element elementor-element-e7e0725\" data-id=\"e7e0725\" data-element_type=\"column\">\n\t\t\t<div class=\"elementor-widget-wrap elementor-element-populated\">\n\t\t\t\t\t\t<div class=\"elementor-element elementor-element-d462b8e elementor-widget elementor-widget-spacer\" data-id=\"d462b8e\" data-element_type=\"widget\" data-widget_type=\"spacer.default\">\n\t\t\t\t<div class=\"elementor-widget-container\">\n\t\t\t\t\t\t\t<div class=\"elementor-spacer\">\n\t\t\t<div class=\"elementor-spacer-inner\"><\/div>\n\t\t<\/div>\n\t\t\t\t\t\t<\/div>\n\t\t\t\t<\/div>\n\t\t\t\t\t<\/div>\n\t\t<\/div>\n\t\t\t\t\t<\/div>\n\t\t<\/section>\n\t\t\t\t<section class=\"elementor-section elementor-top-section elementor-element elementor-element-246be247 elementor-section-boxed elementor-section-height-default elementor-section-height-default\" data-id=\"246be247\" data-element_type=\"section\">\n\t\t\t\t\t\t<div class=\"elementor-container elementor-column-gap-default\">\n\t\t\t\t\t<div class=\"elementor-column elementor-col-100 elementor-top-column elementor-element elementor-element-5abe4d99\" data-id=\"5abe4d99\" data-element_type=\"column\">\n\t\t\t<div class=\"elementor-widget-wrap elementor-element-populated\">\n\t\t\t\t\t\t<div class=\"elementor-element elementor-element-2de27bb7 elementor-invisible elementor-widget elementor-widget-text-editor\" data-id=\"2de27bb7\" data-element_type=\"widget\" data-settings=\"{&quot;_animation&quot;:&quot;fadeInRight&quot;}\" data-widget_type=\"text-editor.default\">\n\t\t\t\t<div class=\"elementor-widget-container\">\n\t\t\t\t\t\t\t\t\t<p><\/p>\n<h1 class=\"wp-block-heading\"><span style=\"font-weight: 400;\">Legal Notice<\/span><\/h1>\n<p class=\"translation-block\">Gmp Property SOCIMI, S.A. (hereinafter Gmp), in compliance with Law 34\/2002, of 11 July, on the Information Society and Electronic Commerce, makes the following information available to its clients and the users of its Website: This Website is the property of Gmp Property SOCIMI, S.A., with registered office at C\/Luchana, 23 - Madrid, with Tax Identification Code No. A28396042, registered in the Companies Register of Madrid, Volume 24,450, Folio 205, section 8\u00aa, Page M-63578, entry 93. Contact email: info@castellana81.com.<\/p>\n<p><span style=\"font-weight: 400;\">This Legal Notice sets out the terms and conditions for accessing and using the Website www.castellana81.com (hereinafter the Website) which Gmp makes freely available to Internet users. You must carefully read and comply with the stipulations of this Legal Notice, as well as any messages, instructions or alerts which may be communicated to you while browsing the Website. By accessing this Website, you accept, without reservation, these terms and conditions. Please do not use the Website, if you do not accept them. Gmp reserves the right to modify or update these terms and conditions at any time and without prior notice.<\/span><\/p><p><span style=\"font-weight: 400;\"><br><\/span><\/p>\n<p><b>The User<\/b><\/p>\n<p><span style=\"font-weight: 400;\">By accessing this Website owned by Gmp, you acquire the status of User and acknowledge that you have read, understood and accepted these terms and conditions.<\/span><\/p><p><span style=\"font-weight: 400;\"><br><\/span><\/p>\n<p><b>Conditions of Use<\/b><\/p>\n<p><span style=\"font-weight: 400;\">The User undertakes to use the Website in accordance with the authorised uses. The use of the Website, its content and\/or services for illegal purposes or effects, or in any way that contravenes the Law, public order or this Legal Notice, is strictly prohibited. Any use of this Website that threatens or infringes the rights or interests of third parties, or that disrupts or impairs the purpose, accessibility, use or operation of the site in any way is also prohibited.<\/span><\/p>\n<p><span style=\"font-weight: 400;\">The use of this Website is free of charge. Some of the services provided through this Website may be regulated by special conditions of use, policies and\/or instructions which, in such cases, will replace, complete or modify the content of this Legal Notice. The User must accept the new regulations in order to be able to enjoy such services.<\/span><\/p><p><span style=\"font-weight: 400;\"><br><\/span><\/p>\n<p><b>Intellectual Property and Copyright<\/b><\/p>\n<p><span style=\"font-weight: 400;\">This Website and its content (including, but not limited to, content, trademarks, images, icons, designs, and general presentation of the site and its contents) are the property of Gmp and are protected by copyright, registered trademarks and intellectual property rights, in accordance with international and Spanish laws. Access to this Web Site does not in any case confer, nor may it be interpreted as, authorisation or licence of any kind over these rights, owned by Gmp or by third parties. Any authorisation or licence over the web pages and their content does not under any circumstances imply the waiver, transmission or transfer, in whole or in part, of any of these rights.<\/span><\/p>\n<p><span style=\"font-weight: 400;\">Certain names, logos and other materials displayed in the content or on the Website are duly registered in the name of Gmp or other entities. The User is not authorised to use any of these elements, the ownership of which remains, in any case, the property of Gmp or of these entities.<\/span><\/p>\n<p><span style=\"font-weight: 400;\">All rights are reserved by Gmp or its licensors. For whatever purpose or at whatever time, the User is prohibited from modifying, copying, distributing, transmitting, displaying, advertising, selling and\/or licensing any content of this Website, or creating derivative works therefrom, without the prior express written authorisation of Gmp.<\/span><\/p>\n<p><span style=\"font-weight: 400;\">El usuario podr\u00e1, ocasionalmente, imprimir copias de las p\u00e1ginas individuales de este Sitio Web, siempre que&nbsp; lo haga para su uso personal, no comercial, y manteniendo, sin alteraciones, los signos referentes a Derechos de Autor, Marcas Registradas, y cualquier otra identificaci\u00f3n concerniente a los derechos de Gmp o de terceras partes. La realizaci\u00f3n de cualquier otra clase de copia, bien en formato electr\u00f3nico, en papel u otra modalidad, queda completamente prohibida.<\/span><\/p><p><span style=\"font-weight: 400;\"><br><\/span><\/p>\n<p><b>Limit of Liability and Warranty<\/b><\/p>\n<p><span style=\"font-weight: 400;\">Todo el contenido del Sitio Web es suministrado a t\u00edtulo informativo, para conveniencia del Usuario y sin garant\u00edas expresas o impl\u00edcitas de ninguna clase. Gmp, las empresas de su grupo, sus proveedores, las personas involucradas en la creaci\u00f3n, producci\u00f3n y distribuci\u00f3n de esta Web, no garantizan, ni individual, ni conjuntamente,&nbsp; que el funcionamiento de la misma, ser\u00e1 ininterrumpido o libre de todo error, ni que el servidor que hace accesible su contenido estar\u00e1 libre de virus o componentes da\u00f1inos. Gmp no garantiza la utilidad de este Sitio Web, ni de la informaci\u00f3n y servicios proporcionados a trav\u00e9s del mismo, para ning\u00fan uso, fin o actividad determinados. Gmp se reserva el derecho de realizar cualquier modificaci\u00f3n t\u00e9cnica a fin de mejorar la calidad, eficiencia o efectividad del sistema y su conectividad.<\/span><\/p>\n<p><span style=\"font-weight: 400;\">The use of this Website is at the User's own risk. Neither Gmp, nor its affiliated or collaborating companies (such as providers of content or hosting services, by way of example), nor its employees or suppliers, nor the persons or entities related to the creation, production, distribution, hosting and operation of this Website, shall not be liable to any person or entity for any loss, damage, injury, or claim of any kind based upon or resulting from the use or attempted use of the content and\/or information on this Website, or on other sites accessible through links (including the use of, and access to, any software or hardware).<\/span><\/p>\n<p><span style=\"font-weight: 400;\">The information contained on this Website may in some cases come from sources other than Gmp, which is why Gmp does not endorse or guarantee in any way the fidelity, accuracy, veracity or validity of any information of this kind published or referred to on this Website.<\/span><\/p><p><span style=\"font-weight: 400;\"><br><\/span><\/p>\n<p><b>Links<\/b><\/p>\n<p><span style=\"font-weight: 400;\">Gmp no controla, y en consecuencia&nbsp; no es responsable por, el contenido de otros Sitios desde los que pueda accederse a este Sitio Web, o a los que \u00e9ste permita acceder a trav\u00e9s de enlaces (links). Gmp pone tales enlaces a disposici\u00f3n del Usuario, para la comodidad y conveniencia de \u00e9ste, acci\u00f3n que en ning\u00fan caso podr\u00e1 ser interpretada como la aprobaci\u00f3n o el patrocinio por parte de Gmp, de los contenidos de dichos Sitios Web, ni como su participaci\u00f3n, bajo ning\u00fan t\u00edtulo, en un Sitio Web distinto a \u00e9ste. Gmp no ofrece ninguna garant\u00eda, expresa o impl\u00edcita, sobre la veracidad, propiedad, validez o legalidad de cualquiera de los Sitios Enlazados y su contenido.<\/span><\/p><p><span style=\"font-weight: 400;\"><br><\/span><\/p>\n<p><b>Jurisdiction and Applicable Law<\/b><\/p>\n<p><span style=\"font-weight: 400;\">This Website, its contents and services are governed by Spanish law, as are these terms and conditions, which shall in all cases be interpreted in accordance with the same. For any question or dispute arising from this agreement, the parties, expressly waiving any other jurisdiction to which they may be entitled, agree to submit to the Courts and Tribunals of Madrid.<\/span><\/p>\n<p><\/p>\t\t\t\t\t\t\t\t<\/div>\n\t\t\t\t<\/div>\n\t\t\t\t\t<\/div>\n\t\t<\/div>\n\t\t\t\t\t<\/div>\n\t\t<\/section>\n\t\t\t\t<\/div>","protected":false},"excerpt":{"rendered":"<p>Aviso Legal Gmp Property SOCIMI, S.A. (en adelante Gmp), en cumplimiento de la Ley 34\/2002, de 11 de Julio, de la Sociedad de la Informaci\u00f3n y de Comercio Electr\u00f3nico, pone a disposici\u00f3n de sus clientes y de los usuarios de su p\u00e1gina Web, la siguiente informaci\u00f3n: Este Sitio Web es propiedad de Gmp Property SOCIMI, [&hellip;]<\/p>","protected":false},"author":1,"featured_media":0,"parent":0,"menu_order":0,"comment_status":"closed","ping_status":"closed","template":"","meta":{"_monsterinsights_skip_tracking":false,"_monsterinsights_sitenote_active":false,"_monsterinsights_sitenote_note":"","_monsterinsights_sitenote_category":0,"footnotes":""},"class_list":["post-3004","page","type-page","status-publish","hentry"],"_links":{"self":[{"href":"https:\/\/castellana81.com\/en\/wp-json\/wp\/v2\/pages\/3004","targetHints":{"allow":["GET"]}}],"collection":[{"href":"https:\/\/castellana81.com\/en\/wp-json\/wp\/v2\/pages"}],"about":[{"href":"https:\/\/castellana81.com\/en\/wp-json\/wp\/v2\/types\/page"}],"author":[{"embeddable":true,"href":"https:\/\/castellana81.com\/en\/wp-json\/wp\/v2\/users\/1"}],"replies":[{"embeddable":true,"href":"https:\/\/castellana81.com\/en\/wp-json\/wp\/v2\/comments?post=3004"}],"version-history":[{"count":5,"href":"https:\/\/castellana81.com\/en\/wp-json\/wp\/v2\/pages\/3004\/revisions"}],"predecessor-version":[{"id":3150,"href":"https:\/\/castellana81.com\/en\/wp-json\/wp\/v2\/pages\/3004\/revisions\/3150"}],"wp:attachment":[{"href":"https:\/\/castellana81.com\/en\/wp-json\/wp\/v2\/media?parent=3004"}],"curies":[{"name":"wp","href":"https:\/\/api.w.org\/{rel}","templated":true}]}}