{"id":3,"date":"2021-05-27T15:08:11","date_gmt":"2021-05-27T13:08:11","guid":{"rendered":"https:\/\/castellana81.com\/?page_id=3"},"modified":"2022-08-24T09:49:27","modified_gmt":"2022-08-24T07:49:27","slug":"politica-de-privacidad","status":"publish","type":"page","link":"https:\/\/castellana81.com\/en\/privacy-policy\/","title":{"rendered":"Privacy policy"},"content":{"rendered":"<div data-elementor-type=\"wp-page\" data-elementor-id=\"3\" class=\"elementor elementor-3\" data-elementor-post-type=\"page\">\n\t\t\t\t\t\t<section class=\"elementor-section elementor-top-section elementor-element elementor-element-314129dc elementor-section-boxed elementor-section-height-default elementor-section-height-default\" data-id=\"314129dc\" data-element_type=\"section\">\n\t\t\t\t\t\t<div class=\"elementor-container elementor-column-gap-default\">\n\t\t\t\t\t<div class=\"elementor-column elementor-col-100 elementor-top-column elementor-element elementor-element-207195ab\" data-id=\"207195ab\" data-element_type=\"column\">\n\t\t\t<div class=\"elementor-widget-wrap elementor-element-populated\">\n\t\t\t\t\t\t<div class=\"elementor-element elementor-element-84ce22b elementor-widget elementor-widget-spacer\" data-id=\"84ce22b\" data-element_type=\"widget\" data-widget_type=\"spacer.default\">\n\t\t\t\t<div class=\"elementor-widget-container\">\n\t\t\t\t\t\t\t<div class=\"elementor-spacer\">\n\t\t\t<div class=\"elementor-spacer-inner\"><\/div>\n\t\t<\/div>\n\t\t\t\t\t\t<\/div>\n\t\t\t\t<\/div>\n\t\t\t\t\t<\/div>\n\t\t<\/div>\n\t\t\t\t\t<\/div>\n\t\t<\/section>\n\t\t\t\t<section class=\"elementor-section elementor-top-section elementor-element elementor-element-984cdbb elementor-section-boxed elementor-section-height-default elementor-section-height-default\" data-id=\"984cdbb\" data-element_type=\"section\">\n\t\t\t\t\t\t<div class=\"elementor-container elementor-column-gap-default\">\n\t\t\t\t\t<div class=\"elementor-column elementor-col-100 elementor-top-column elementor-element elementor-element-45b3aed\" data-id=\"45b3aed\" data-element_type=\"column\">\n\t\t\t<div class=\"elementor-widget-wrap elementor-element-populated\">\n\t\t\t\t\t\t<div class=\"elementor-element elementor-element-5483ad4 elementor-invisible elementor-widget elementor-widget-text-editor\" data-id=\"5483ad4\" data-element_type=\"widget\" data-settings=\"{&quot;_animation&quot;:&quot;fadeInRight&quot;}\" data-widget_type=\"text-editor.default\">\n\t\t\t\t<div class=\"elementor-widget-container\">\n\t\t\t\t\t\t\t\t\t<h1><span style=\"font-weight: 400;\">Privacy Policy<\/span><\/h1>\n<p><span style=\"font-weight: 400;\">The personal data provided by the user will be processed in accordance with the provisions of this policy, the purpose of which is to regulate the processing operations conducted by Gmp Property SOCIMI S.A.:<\/span><\/p>\n<p><span style=\"font-weight: 400;\">1.1. Identity and contact details of the controller:<\/span><\/p>\n<p><span style=\"font-weight: 400;\">Gmp Property SOCIMI, S.A. (Gmp) with registered office in Madrid, C\/ Luchana 23 and tax identification number A28396042. If you have any queries regarding data protection, you can contact Gmp by e-mail at privacidad@grupogmp.com.<\/span><\/p>\n<p><span style=\"font-weight: 400;\">1.2. Purposes and legal bases of processing:<\/span><\/p>\n<p><span style=\"font-weight: 400;\">The personal data collected through the contact forms on the Website will be processed by Gmp, which is the data controller, for the following purposes:<\/span><\/p>\n<p><span style=\"font-weight: 400;\">- Processing of all types of requests or requirements formulated through the tools made available to the user (web, corporate emails). The legal basis is consent under Article 6.1 (a) GDPR.<\/span><\/p>\n<p><span style=\"font-weight: 400;\">- Administrative tasks related to the business relationship intended by sending the forms, especially in the case of the human resources mailbox. The legal basis is consent under Article 6.1 (a) GDPR, as well as the application of pre-contractual measures under Article 6.1 (b) GDPR.<\/span><\/p>\n<p><span style=\"font-weight: 400;\">- Commercial activities consisting of sending advertising and commercial communications from our group of companies (Gmp Group) specialising in high-level real estate products and services; always subject to having expressly agreed to receive such communications.<\/span><\/p>\n<p><span style=\"font-weight: 400;\">The user will be responsible, in any case, for the truthfulness, accuracy, validity and authenticity of the personal data provided, and Gmp reserves the right to exclude from the registered services any user who has provided false data, without prejudice to any other legal action that may be taken.<\/span><\/p>\n<p><span style=\"font-weight: 400;\">1.3. Recipients of personal data.<\/span><\/p>\n<p><span style=\"font-weight: 400;\">Your personal data will not be passed on to other persons or companies to be used for their own purposes. However, Gmp may communicate the personal data to other entities of the Gmp group of companies which may have access to the personal data and information in order to assist Gmp in the management of the pre-contractual relationship or the processing of the request made. Gmp ensures that all these entities comply with data protection regulations, which are also directly applicable to them.<\/span><\/p>\n<p><span style=\"font-weight: 400;\">However, Gmp will disclose to the competent public authorities the Personal Data and any other information in its possession or accessible through its systems and required in accordance with the legal and regulatory provisions applicable in each case.<\/span><\/p>\n<p><span style=\"font-weight: 400;\">1.4. Retention periods<\/span><\/p>\n<p><span style=\"font-weight: 400;\">Your personal data will be kept for as long as the request or request is being processed. As soon as the query has been resolved to the user's satisfaction, Gmp will erase your contact details.<\/span><\/p>\n<p><span style=\"font-weight: 400;\">With regard to the sending of information relating to human resources management, your personal data will be kept, duly blocked, for a period of one (1) year, with a possible end of this pre-contractual period. At the end of this period, your personal data will be erased.<\/span><\/p>\n<p><span style=\"font-weight: 400;\">If you tick the corresponding box, you consent to Gmp sending you commercial communications under the terms established by Law 34\/2002, of 11 July, on Information Society Services and Electronic Commerce, your data will be kept until said consent is revoked or you unsubscribe from the commercial communications service. Revocation may be notified at any time by sending a simple e-mail message to privacidad@grupogmp.com. You can unsubscribe from the service by clicking on the link provided in the communication itself.<\/span><\/p>\n<p><span style=\"font-weight: 400;\">1.5.           User rights<\/span><\/p>\n<p><span style=\"font-weight: 400;\">Users may, at any time, exercise the following rights by means of a written communication addressed to Gmp by e-mail to privacidad@grupogmp.com and accompanied by a copy of their ID card:<\/span><\/p>\n<p><span style=\"font-weight: 400;\">- Right of access: to see which personal data Gmp processes about you.<\/span><\/p>\n<p><span style=\"font-weight: 400;\">- Right of rectification: to modify the personal data processed by Gmp whenever  they are inaccurate.<\/span><\/p>\n<p><span style=\"font-weight: 400;\">- Right of erasure: to request that Gmp deletes your personal data.<\/span><\/p>\n<p><span style=\"font-weight: 400;\">- Right of restriction: to request that Gmp restricts the processing of your personal data.<\/span><\/p>\n<p><span style=\"font-weight: 400;\">- Right of portability: to request that Gmp provides you with the information it processes about you in a computerised format.<\/span><\/p>\n<p><span style=\"font-weight: 400;\">- Right to lodge a complaint: in the event that you consider that Gmp has processed your personal data in breach of the regulations, you have the right to lodge a complaint with the Spanish Data Protection Agency.<\/span><\/p>\n<p><span style=\"font-weight: 400;\">1.6. Security measures<\/span><\/p>\n<p><span style=\"font-weight: 400;\">Gmp will treat your personal data in the strictest confidence. It has also implemented appropriate technical and organisational measures to ensure the security of your personal data and to prevent their destruction, loss, unlawful access or unlawful alteration. In determining these measures, criteria such as the scope, context and purposes of the data processing, technical status and existing risks have been taken into account.<\/span><\/p>\t\t\t\t\t\t\t\t<\/div>\n\t\t\t\t<\/div>\n\t\t\t\t\t<\/div>\n\t\t<\/div>\n\t\t\t\t\t<\/div>\n\t\t<\/section>\n\t\t\t\t<\/div>","protected":false},"excerpt":{"rendered":"<p>Pol\u00edtica de Privacidad Los datos personales facilitados por el usuario ser\u00e1n tratados de conformidad con lo indicado en la presente pol\u00edtica que tiene por objeto regular los actos de tratamiento que realiza Gmp Property SOCIMI S.A.: 1.1. \u00a0 \u00a0 \u00a0 \u00a0 \u00a0 Identidad y datos de contacto del responsable del tratamiento: Gmp Property SOCIMI, S.A. [&hellip;]<\/p>","protected":false},"author":1,"featured_media":0,"parent":0,"menu_order":0,"comment_status":"closed","ping_status":"closed","template":"","meta":{"_monsterinsights_skip_tracking":false,"_monsterinsights_sitenote_active":false,"_monsterinsights_sitenote_note":"","_monsterinsights_sitenote_category":0,"footnotes":""},"class_list":["post-3","page","type-page","status-publish","hentry"],"_links":{"self":[{"href":"https:\/\/castellana81.com\/en\/wp-json\/wp\/v2\/pages\/3","targetHints":{"allow":["GET"]}}],"collection":[{"href":"https:\/\/castellana81.com\/en\/wp-json\/wp\/v2\/pages"}],"about":[{"href":"https:\/\/castellana81.com\/en\/wp-json\/wp\/v2\/types\/page"}],"author":[{"embeddable":true,"href":"https:\/\/castellana81.com\/en\/wp-json\/wp\/v2\/users\/1"}],"replies":[{"embeddable":true,"href":"https:\/\/castellana81.com\/en\/wp-json\/wp\/v2\/comments?post=3"}],"version-history":[{"count":5,"href":"https:\/\/castellana81.com\/en\/wp-json\/wp\/v2\/pages\/3\/revisions"}],"predecessor-version":[{"id":3144,"href":"https:\/\/castellana81.com\/en\/wp-json\/wp\/v2\/pages\/3\/revisions\/3144"}],"wp:attachment":[{"href":"https:\/\/castellana81.com\/en\/wp-json\/wp\/v2\/media?parent=3"}],"curies":[{"name":"wp","href":"https:\/\/api.w.org\/{rel}","templated":true}]}}